{"id":70,"date":"2025-10-17T12:13:03","date_gmt":"2025-10-17T10:13:03","guid":{"rendered":"https:\/\/www.akademiabrd.pl\/?page_id=70"},"modified":"2025-10-24T19:40:34","modified_gmt":"2025-10-24T17:40:34","slug":"warsztaty-dla-mlodziezy-szkolnej","status":"publish","type":"page","link":"https:\/\/www.akademiabrd.pl\/index.php\/warsztaty-dla-mlodziezy-szkolnej\/","title":{"rendered":"Zaj\u0119cia dla m\u0142odzie\u017cy szkolnej"},"content":{"rendered":"\n<div class=\"wp-block-group wow animate__animated animate__fadeInUp has-global-padding is-layout-constrained wp-block-group-is-layout-constrained\" style=\"margin-top:0;margin-bottom:0;padding-top:var(--wp--preset--spacing--50);padding-bottom:var(--wp--preset--spacing--50)\">\n<div class=\"wp-block-columns are-vertically-aligned-center is-layout-flex wp-container-core-columns-is-layout-7fc3d43a wp-block-columns-is-layout-flex\">\n<div class=\"wp-block-column is-vertically-aligned-center wow animate__animated animate__fadeInUp is-layout-flow wp-block-column-is-layout-flow\" style=\"flex-basis:45%\">\n<div class=\"wp-block-group has-global-padding is-layout-constrained wp-block-group-is-layout-constrained\" style=\"margin-top:0;margin-bottom:0;padding-top:0;padding-bottom:0\">\n<p class=\"has-text-align-left\" style=\"margin-top:0;margin-bottom:0\"><mark style=\"background-color:rgba(0, 0, 0, 0);color:#01a4ef\" class=\"has-inline-color\">Dotrze\u0107 do m\u0142odzie\u017cy <\/mark><\/p>\n\n\n\n<h2 class=\"wp-block-heading has-text-align-left has-body-font-family\" style=\"margin-top:0;font-size:clamp(20px, 1.25rem + ((1vw - 3.2px) * 1.463), 32px);font-style:normal;font-weight:500;line-height:1.2\">To Wa\u017cna Sprawa<\/h2>\n\n\n\n<p>M\u0142odzi ludzie maj\u0105 wiele pomys\u0142\u00f3w &#8211; nie zawsze to pomys\u0142y szcz\u0119\u015bliwe. Cho\u0107 wiele w nich kreatywno\u015bci to brak do\u015bwiadczenia \u017cyciowego i szerszej perspektywy zbyt cz\u0119sto prowadzi ich do tragicznych sytuacji. <\/p>\n\n\n\n<p>Maj\u0105 oni tendencj\u0119 do podejmowania ryzykowanych zachowa\u0144 kierowania pojazdami bez uprawnie\u0144 oraz motywowania r\u00f3wie\u015bnik\u00f3w i uczestnictwa w takich czynach. Nie zdaj\u0105 sobie jednak sprawy z konsekwencji, kt\u00f3re poza sankcjami lub powik\u0142aniami zdrowotnymi dotkn\u0105\u0107 mog\u0105 ich ju\u017c na ca\u0142e \u017cycie.<\/p>\n\n\n\n<p style=\"margin-top:10px;margin-bottom:0\">Przygotowali\u015bmy specjalny program zaj\u0119\u0107\/pogadanki, prowadzonej metod\u0105 waloryzacyjn\u0105 &#8211; g\u0142\u00f3wnie immersyjn\u0105, poruszaj\u0105cy tematyk\u0119 bezpiecze\u0144stwa na drodze. Co wa\u017cne, jest on skierowany do og\u00f3\u0142u m\u0142odzie\u017cy &#8211; wbrew pozorom nie tej, kt\u00f3ra ju\u017c zdobywa uprawnienia do kierowania, ale przede wszystkim do grupy r\u00f3wie\u015bniczej, cz\u0119sto b\u0119d\u0105cej motywatorem niebezpiecznych zachowa\u0144. Konsekwencje prawne to zwykle najmniejszy problem. Znacznie powa\u017cniejsze rodz\u0105 si\u0119 w obszarze odpowiedzialno\u015bci cywilnej i spo\u0142ecznej.<\/p>\n\n\n\n<p style=\"margin-top:10px;margin-bottom:0\">U\u015bwiadomienia m\u0142odzie\u017cy tych nieoczywistych konsekwencji jest istotn\u0105 szans\u0105 na sk\u0142onienie ich do refleksji przed nierozs\u0105dnych czynem w\u0142asnym lub r\u00f3wie\u015bnik\u00f3w. Warsztaty wpisuj\u0105 si\u0119 doskonale w tworzony przez plac\u00f3wki o\u015bwiatowe program wychowawczo &#8211; profilaktyczny.<\/p>\n\n\n\n<details class=\"wp-block-details is-layout-flow wp-block-details-is-layout-flow\"><summary> Szczeg\u00f3\u0142y organizacyjne<\/summary>\n<p>Zaj\u0119cia prowadzone s\u0105 na terenie szko\u0142y (np. w auli, sali gimnastycznej itp.)<\/p>\n\n\n\n<p>Czas trwania: 2 godziny lekcyjne<\/p>\n\n\n\n<p>Zaj\u0119cia prowadzi wyk\u0142adowca z uprawnieniami pedagogicznymi<\/p>\n\n\n\n<p>Stosujemy Standardy Ochrony Ma\u0142oletnich<\/p>\n\n\n\n<p>Korzystamy z w\u0142asnego nag\u0142o\u015bnienia &#8211; je\u017celi jest potrzebne.<\/p>\n\n\n\n<p>Korzystamy z zastanego systemu wideoprezentacji (projektor multimedialny, tablica interaktywna itp) ale w razie potrzeby posiadamy w\u0142asny projektor &#8211; oczekujemy jednak ekranu do prezentacji).<\/p>\n<\/details>\n<\/div>\n<\/div>\n\n\n\n<div class=\"wp-block-column is-vertically-aligned-center wow animate__animated animate__fadeInUp is-layout-flow wp-block-column-is-layout-flow\">\n<figure class=\"wp-block-image size-large has-custom-border\"><img loading=\"lazy\" decoding=\"async\" width=\"1024\" height=\"682\" src=\"https:\/\/www.akademiabrd.pl\/wp-content\/uploads\/2025\/09\/zsa-1024x682.jpg\" alt=\"\" class=\"wp-image-61\" style=\"border-radius:8px\" srcset=\"https:\/\/www.akademiabrd.pl\/wp-content\/uploads\/2025\/09\/zsa-1024x682.jpg 1024w, https:\/\/www.akademiabrd.pl\/wp-content\/uploads\/2025\/09\/zsa-300x200.jpg 300w, https:\/\/www.akademiabrd.pl\/wp-content\/uploads\/2025\/09\/zsa-768x512.jpg 768w, https:\/\/www.akademiabrd.pl\/wp-content\/uploads\/2025\/09\/zsa.jpg 1280w\" sizes=\"auto, (max-width: 1024px) 100vw, 1024px\" \/><\/figure>\n\n\n\n<figure class=\"wp-block-image size-large has-custom-border\"><img loading=\"lazy\" decoding=\"async\" width=\"1024\" height=\"683\" src=\"https:\/\/www.akademiabrd.pl\/wp-content\/uploads\/2025\/10\/9ada5e7f-e8fb-47c3-9537-d7a94d824d4a-1024x683.jpg\" alt=\"\" class=\"wp-image-77\" style=\"border-radius:8px\" srcset=\"https:\/\/www.akademiabrd.pl\/wp-content\/uploads\/2025\/10\/9ada5e7f-e8fb-47c3-9537-d7a94d824d4a-1024x683.jpg 1024w, https:\/\/www.akademiabrd.pl\/wp-content\/uploads\/2025\/10\/9ada5e7f-e8fb-47c3-9537-d7a94d824d4a-300x200.jpg 300w, https:\/\/www.akademiabrd.pl\/wp-content\/uploads\/2025\/10\/9ada5e7f-e8fb-47c3-9537-d7a94d824d4a-768x512.jpg 768w, https:\/\/www.akademiabrd.pl\/wp-content\/uploads\/2025\/10\/9ada5e7f-e8fb-47c3-9537-d7a94d824d4a-1536x1024.jpg 1536w, https:\/\/www.akademiabrd.pl\/wp-content\/uploads\/2025\/10\/9ada5e7f-e8fb-47c3-9537-d7a94d824d4a.jpg 2048w\" sizes=\"auto, (max-width: 1024px) 100vw, 1024px\" \/><\/figure>\n<\/div>\n<\/div>\n\n\n\n<div class=\"wp-block-group is-nowrap is-layout-flex wp-container-core-group-is-layout-6c531013 wp-block-group-is-layout-flex\">\n<div class=\"wp-block-buttons is-content-justification-left is-layout-flex wp-container-core-buttons-is-layout-bdd95141 wp-block-buttons-is-layout-flex\" style=\"margin-top:var(--wp--preset--spacing--30)\">\n<div class=\"wp-block-button\"><a class=\"wp-block-button__link has-primary-background-color has-background wp-element-button\" href=\"https:\/\/www.akademiabrd.pl\/index.php\/36-2\/\" style=\"padding-top:var(--wp--preset--spacing--10);padding-right:var(--wp--preset--spacing--40);padding-bottom:var(--wp--preset--spacing--10);padding-left:var(--wp--preset--spacing--40)\">Zapraszamy do kontaktu!<\/a><\/div>\n<\/div>\n\n\n\n<figure class=\"wp-block-image aligncenter size-full is-resized\"><img loading=\"lazy\" decoding=\"async\" width=\"301\" height=\"301\" src=\"https:\/\/www.akademiabrd.pl\/wp-content\/uploads\/2025\/10\/LOGO-1.png\" alt=\"\" class=\"wp-image-82\" style=\"width:169px;height:auto\" srcset=\"https:\/\/www.akademiabrd.pl\/wp-content\/uploads\/2025\/10\/LOGO-1.png 301w, https:\/\/www.akademiabrd.pl\/wp-content\/uploads\/2025\/10\/LOGO-1-150x150.png 150w\" sizes=\"auto, (max-width: 301px) 100vw, 301px\" \/><\/figure>\n<\/div>\n\n\n\n<div class=\"wp-block-group is-nowrap is-layout-flex wp-container-core-group-is-layout-6c531013 wp-block-group-is-layout-flex\">\n<p><\/p>\n\n\n\n<h2 class=\"wp-block-heading\">Referencje:<\/h2>\n<\/div>\n\n\n\n<figure class=\"wp-block-gallery has-nested-images columns-default is-cropped wp-block-gallery-1 is-layout-flex wp-block-gallery-is-layout-flex\">\n<figure class=\"wp-block-image size-large\"><img loading=\"lazy\" decoding=\"async\" width=\"724\" height=\"1024\" data-id=\"72\" src=\"https:\/\/www.akademiabrd.pl\/wp-content\/uploads\/2025\/10\/referencje-Kamien-Maly-1-724x1024.jpg\" alt=\"\" class=\"wp-image-72\" srcset=\"https:\/\/www.akademiabrd.pl\/wp-content\/uploads\/2025\/10\/referencje-Kamien-Maly-1-724x1024.jpg 724w, https:\/\/www.akademiabrd.pl\/wp-content\/uploads\/2025\/10\/referencje-Kamien-Maly-1-212x300.jpg 212w, https:\/\/www.akademiabrd.pl\/wp-content\/uploads\/2025\/10\/referencje-Kamien-Maly-1-768x1087.jpg 768w, https:\/\/www.akademiabrd.pl\/wp-content\/uploads\/2025\/10\/referencje-Kamien-Maly-1-1086x1536.jpg 1086w, https:\/\/www.akademiabrd.pl\/wp-content\/uploads\/2025\/10\/referencje-Kamien-Maly-1-1447x2048.jpg 1447w, https:\/\/www.akademiabrd.pl\/wp-content\/uploads\/2025\/10\/referencje-Kamien-Maly-1-scaled.jpg 1809w\" sizes=\"auto, (max-width: 724px) 100vw, 724px\" \/><\/figure>\n\n\n\n<figure class=\"wp-block-image size-large\"><img loading=\"lazy\" decoding=\"async\" width=\"723\" height=\"1024\" data-id=\"79\" src=\"https:\/\/www.akademiabrd.pl\/wp-content\/uploads\/2025\/10\/referencje-Lututowo-723x1024.jpg\" alt=\"\" class=\"wp-image-79\" srcset=\"https:\/\/www.akademiabrd.pl\/wp-content\/uploads\/2025\/10\/referencje-Lututowo-723x1024.jpg 723w, https:\/\/www.akademiabrd.pl\/wp-content\/uploads\/2025\/10\/referencje-Lututowo-212x300.jpg 212w, https:\/\/www.akademiabrd.pl\/wp-content\/uploads\/2025\/10\/referencje-Lututowo-768x1087.jpg 768w, https:\/\/www.akademiabrd.pl\/wp-content\/uploads\/2025\/10\/referencje-Lututowo-1085x1536.jpg 1085w, https:\/\/www.akademiabrd.pl\/wp-content\/uploads\/2025\/10\/referencje-Lututowo-1446x2048.jpg 1446w, https:\/\/www.akademiabrd.pl\/wp-content\/uploads\/2025\/10\/referencje-Lututowo-scaled.jpg 1808w\" sizes=\"auto, (max-width: 723px) 100vw, 723px\" \/><\/figure>\n<\/figure>\n<\/div>\n","protected":false},"excerpt":{"rendered":"<p>Dotrze\u0107 do m\u0142odzie\u017cy To Wa\u017cna Sprawa M\u0142odzi ludzie maj\u0105 wiele pomys\u0142\u00f3w &#8211; nie zawsze to pomys\u0142y szcz\u0119\u015bliwe. Cho\u0107 wiele w nich kreatywno\u015bci to brak do\u015bwiadczenia \u017cyciowego i szerszej perspektywy zbyt cz\u0119sto prowadzi ich do tragicznych sytuacji. Maj\u0105 oni tendencj\u0119 do podejmowania ryzykowanych zachowa\u0144 kierowania pojazdami bez uprawnie\u0144 oraz motywowania r\u00f3wie\u015bnik\u00f3w i uczestnictwa w takich czynach. [&hellip;]<\/p>\n","protected":false},"author":1,"featured_media":0,"parent":0,"menu_order":0,"comment_status":"closed","ping_status":"closed","template":"","meta":{"footnotes":""},"class_list":["post-70","page","type-page","status-publish","hentry"],"_links":{"self":[{"href":"https:\/\/www.akademiabrd.pl\/index.php\/wp-json\/wp\/v2\/pages\/70","targetHints":{"allow":["GET"]}}],"collection":[{"href":"https:\/\/www.akademiabrd.pl\/index.php\/wp-json\/wp\/v2\/pages"}],"about":[{"href":"https:\/\/www.akademiabrd.pl\/index.php\/wp-json\/wp\/v2\/types\/page"}],"author":[{"embeddable":true,"href":"https:\/\/www.akademiabrd.pl\/index.php\/wp-json\/wp\/v2\/users\/1"}],"replies":[{"embeddable":true,"href":"https:\/\/www.akademiabrd.pl\/index.php\/wp-json\/wp\/v2\/comments?post=70"}],"version-history":[{"count":9,"href":"https:\/\/www.akademiabrd.pl\/index.php\/wp-json\/wp\/v2\/pages\/70\/revisions"}],"predecessor-version":[{"id":107,"href":"https:\/\/www.akademiabrd.pl\/index.php\/wp-json\/wp\/v2\/pages\/70\/revisions\/107"}],"wp:attachment":[{"href":"https:\/\/www.akademiabrd.pl\/index.php\/wp-json\/wp\/v2\/media?parent=70"}],"curies":[{"name":"wp","href":"https:\/\/api.w.org\/{rel}","templated":true}]}}