{"id":45,"date":"2025-07-07T21:28:14","date_gmt":"2025-07-07T19:28:14","guid":{"rendered":"https:\/\/www.akademiabrd.pl\/?page_id=45"},"modified":"2025-10-17T23:50:14","modified_gmt":"2025-10-17T21:50:14","slug":"warsztaty-dla-egzaminatorow","status":"publish","type":"page","link":"https:\/\/www.akademiabrd.pl\/index.php\/warsztaty-dla-egzaminatorow\/","title":{"rendered":"Warsztaty dla egzaminator\u00f3w"},"content":{"rendered":"\n<div class=\"wp-block-group is-layout-flow wp-block-group-is-layout-flow has-background\" style=\"margin-top:0;margin-bottom:0;padding-top:0px;padding-right:0px;padding-bottom:0px;padding-left:0px;background-position:50% 50%;background-size:cover;\">\n<div class=\"wp-block-cover\" style=\"padding-top:80px;padding-right:20px;padding-bottom:80px;padding-left:20px;min-height:441px;aspect-ratio:unset;\"><img decoding=\"async\" class=\"wp-block-cover__image-background wp-image-1182\" alt=\"\" src=\"https:\/\/www.akademiabrd.pl\/wp-content\/themes\/agencyflow\/assets\/images\/banner.jpg\" data-object-fit=\"cover\"\/><span aria-hidden=\"true\" class=\"wp-block-cover__background has-background-dim\" style=\"background-color:#002b59\"><\/span><div class=\"wp-block-cover__inner-container has-global-padding is-layout-constrained wp-container-core-cover-is-layout-89cd2dc7 wp-block-cover-is-layout-constrained\">\n<div class=\"wp-block-columns are-vertically-aligned-center is-layout-flex wp-container-core-columns-is-layout-ec2e7a44 wp-block-columns-is-layout-flex\" style=\"padding-top:0;padding-bottom:0\">\n<div class=\"wp-block-column is-vertically-aligned-center is-layout-flow wp-block-column-is-layout-flow\" style=\"padding-top:40px;padding-bottom:40px\">\n<h1 class=\"wp-block-heading has-base-2-color has-text-color has-link-color wp-elements-c422cd4783eb88cc4503bf8c65eca0ac\" style=\"font-size:clamp(31.609px, 1.976rem + ((1vw - 3.2px) * 2.975), 56px);\">Doskonalenie zawodowe Egzaminator\u00f3w<\/h1>\n\n\n\n<p class=\"has-base-2-color has-text-color has-link-color wp-elements-5452881aebd19cd5dccf48aa009299b9\" style=\"margin-top:0;margin-bottom:0;padding-top:28px;padding-bottom:28px\">Prowadzimy zaj\u0119cia podczas warsztat\u00f3w doskonalenia zawodowego egzaminator\u00f3w (Art.62 ust.3 u.o.k.p )<\/p>\n\n\n\n<p><\/p>\n\n\n\n<div class=\"wp-block-buttons is-layout-flex wp-container-core-buttons-is-layout-7acb3391 wp-block-buttons-is-layout-flex\" style=\"margin-top:0;margin-bottom:0\">\n<div class=\"wp-block-button\"><a class=\"wp-block-button__link wp-element-button\" href=\"https:\/\/www.akademiabrd.pl\/index.php\/36-2\/\">Zapraszamy do kontaktu<\/a><\/div>\n<\/div>\n<\/div>\n\n\n\n<div class=\"wp-block-column is-vertically-aligned-center is-layout-flow wp-block-column-is-layout-flow\"><\/div>\n<\/div>\n<\/div><\/div>\n<\/div>\n\n\n\n<main class=\"wp-block-group is-layout-flow wp-block-group-is-layout-flow\" style=\"margin-top:0;margin-bottom:0;padding-top:0;padding-right:0;padding-bottom:0;padding-left:0\">\n<div class=\"wp-block-group has-base-background-color has-background has-global-padding is-layout-constrained wp-container-core-group-is-layout-a1271a76 wp-block-group-is-layout-constrained\" style=\"margin-top:0;margin-bottom:0;padding-top:100px;padding-right:20px;padding-bottom:100px;padding-left:20px\">\n<div class=\"wp-block-group has-global-padding is-layout-constrained wp-container-core-group-is-layout-dca46307 wp-block-group-is-layout-constrained\" style=\"margin-top:0px;margin-bottom:60px\">\n<h2 class=\"wp-block-heading has-text-align-center has-secondary-color has-text-color has-link-color wp-elements-ef4511177c5022d332e325db35e349bd\" style=\"padding-bottom:10px;font-style:normal;font-weight:700\">Tematyka proponowanych zaj\u0119\u0107<\/h2>\n\n\n\n<p class=\"has-text-align-left\" style=\"margin-top:0;margin-bottom:0\">\u00a7 46. pkt 2. poz.2) Rozporz\u0105dzenia z dnia 24 listopada 2023 r. w sprawie egzaminowania os\u00f3b ubiegaj\u0105cych si\u0119 o uprawnienia do kierowania pojazdami, szkolenia, egzaminowania i uzyskiwania uprawnie\u0144 przez egzaminator\u00f3w oraz wzor\u00f3w dokument\u00f3w stosowanych w tych sprawach:<\/p>\n\n\n\n<ul class=\"wp-block-list\">\n<li><strong>om\u00f3wienie najcz\u0119stszych b\u0142\u0119d\u00f3w pope\u0142nianych przez egzaminator\u00f3w i osoby egzaminowane podczas przeprowadzania egzaminu.<\/strong><\/li>\n\n\n\n<li><strong>technika kierowania i obs\u0142uga pojazdu<\/strong><\/li>\n<\/ul>\n<\/div>\n\n\n\n<div class=\"wp-block-group has-global-padding is-layout-constrained wp-container-core-group-is-layout-dadd0ff5 wp-block-group-is-layout-constrained\">\n<div class=\"wp-block-columns are-vertically-aligned-center is-layout-flex wp-container-core-columns-is-layout-d0bbbce0 wp-block-columns-is-layout-flex\">\n<div class=\"wp-block-column is-vertically-aligned-center is-layout-flow wp-block-column-is-layout-flow\" style=\"flex-basis:40%\">\n<div class=\"wp-block-cover is-light\" style=\"border-radius:10px;min-height:500px;aspect-ratio:unset;\"><img decoding=\"async\" class=\"wp-block-cover__image-background wp-image-1182\" alt=\"\" src=\"https:\/\/www.akademiabrd.pl\/wp-content\/themes\/agencyflow\/assets\/images\/banner.jpg\" data-object-fit=\"cover\"\/><span aria-hidden=\"true\" class=\"wp-block-cover__background has-background-dim-0 has-background-dim\"><\/span><div class=\"wp-block-cover__inner-container has-global-padding is-layout-constrained wp-block-cover-is-layout-constrained\">\n<p class=\"has-text-align-center has-large-font-size\"><\/p>\n<\/div><\/div>\n<\/div>\n\n\n\n<div class=\"wp-block-column is-vertically-aligned-center is-layout-flow wp-block-column-is-layout-flow\">\n<div class=\"wp-block-group is-layout-grid wp-container-core-group-is-layout-57905219 wp-block-group-is-layout-grid\">\n<div class=\"wp-block-group has-global-padding is-layout-constrained wp-container-core-group-is-layout-4474b0c1 wp-block-group-is-layout-constrained\">\n<figure class=\"wp-block-image size-full is-resized\"><img decoding=\"async\" src=\"https:\/\/www.akademiabrd.pl\/wp-content\/themes\/agencyflow\/assets\/images\/icon1.png\" alt=\"\" class=\"wp-image-1215\" style=\"width:51px;height:auto\"\/><\/figure>\n\n\n\n<h2 class=\"wp-block-heading has-mdm-large-font-size\">Analiza przepis\u00f3w<\/h2>\n\n\n\n<p>W\u0142a\u015bciwa ocena przebiegu egzaminu wymaga interpretacji obowi\u0105zuj\u0105cych przepis\u00f3w opartej nie tylko o przepis prawa ale przede wszystkim odpowiedni\u0105 wyk\u0142adni\u0119 oparta o rozumienie normy prawnej opisanej przepisami. <\/p>\n<\/div>\n\n\n\n<div class=\"wp-block-group has-global-padding is-layout-constrained wp-container-core-group-is-layout-4474b0c1 wp-block-group-is-layout-constrained\">\n<figure class=\"wp-block-image size-full is-resized\"><img decoding=\"async\" src=\"https:\/\/www.akademiabrd.pl\/wp-content\/themes\/agencyflow\/assets\/images\/icon3.png\" alt=\"\" class=\"wp-image-1215\" style=\"width:51px;height:auto\"\/><\/figure>\n\n\n\n<h2 class=\"wp-block-heading has-mdm-large-font-size\">Ujednolicenie oceny<\/h2>\n\n\n\n<p>Ocena sytuacji drogowych oraz zada\u0144 egzaminacyjnych powinna by\u0107 sp\u00f3jna w ca\u0142ym zespole egzaminatorskim. Zaj\u0119cia s\u0105 przygotowane i prowadzone w taki spos\u00f3b, aby ich rezultatem by\u0142o r\u00f3wnie\u017c ujednolicenie postrzegania poszczeg\u00f3lnych aspekt\u00f3w przez wszystkich uczestnik\u00f3w warsztat\u00f3w.<\/p>\n<\/div>\n\n\n\n<div class=\"wp-block-group has-global-padding is-layout-constrained wp-container-core-group-is-layout-4474b0c1 wp-block-group-is-layout-constrained\">\n<figure class=\"wp-block-image size-full is-resized\"><img decoding=\"async\" src=\"https:\/\/www.akademiabrd.pl\/wp-content\/themes\/agencyflow\/assets\/images\/icon4.png\" alt=\"\" class=\"wp-image-1215\" style=\"width:51px;height:auto\"\/><\/figure>\n\n\n\n<h2 class=\"wp-block-heading has-mdm-large-font-size\">Podniesienie kompetencji<\/h2>\n\n\n\n<p>Zmienno\u015b\u0107 akt\u00f3w prawnych, rozw\u00f3j technologii nowoczesnych system\u00f3w in\u017cynierii drogowej oraz system\u00f3w implementowanych w pojazdach a tak\u017ce dalece r\u00f3\u017cnorodna judykatura nios\u0105 za sob\u0105 konieczno\u015b\u0107 sta\u0142ego aktualizowania wiedzy przez kadry egzaminatorskie. <\/p>\n<\/div>\n\n\n\n<div class=\"wp-block-group has-global-padding is-layout-constrained wp-container-core-group-is-layout-4474b0c1 wp-block-group-is-layout-constrained\">\n<figure class=\"wp-block-image size-full is-resized\"><img decoding=\"async\" src=\"https:\/\/www.akademiabrd.pl\/wp-content\/themes\/agencyflow\/assets\/images\/icon6.png\" alt=\"\" class=\"wp-image-1215\" style=\"width:51px;height:auto\"\/><\/figure>\n\n\n\n<h2 class=\"wp-block-heading has-mdm-large-font-size\">Unikanie skarg <\/h2>\n\n\n\n<p>Skomplikowany dla os\u00f3b niewtajemniczonych i obiektywnie trudny charakter pracy egzaminatora oraz manifestuj\u0105ca si\u0119 do\u015b\u0107 cz\u0119sto du\u017ca roszczeniowo\u015b\u0107 instruktor\u00f3w a przede wszystkim samych kandydat\u00f3w mog\u0105 sk\u0142ania\u0107 uprawnionych do sk\u0142adania r\u00f3\u017cnorodnych ale cz\u0119sto niezasadnych skarg. Ale nawet niezasadna skarga rodzi dla egzaminator\u00f3w i samego o\u015brodka niepotrzebne zaanga\u017cowanie czasu i \u015brodk\u00f3w. Warto popracowa\u0107 na etapie przygotowania zawodowego aby unikn\u0105\u0107 w przysz\u0142o\u015bci sp\u0142ywania skarg.<\/p>\n<\/div>\n<\/div>\n<\/div>\n<\/div>\n<\/div>\n<\/div>\n\n\n\n<div class=\"wp-block-group has-base-2-color has-text-color has-link-color wp-elements-1f585df6eb5b0323634547e389bf7ef1 has-global-padding is-layout-constrained wp-container-core-group-is-layout-bca66a8f wp-block-group-is-layout-constrained\" style=\"margin-top:0;margin-bottom:0;padding-top:110px;padding-right:20px;padding-bottom:110px;padding-left:20px\">\n<div class=\"wp-block-group has-global-padding is-layout-constrained wp-block-group-is-layout-constrained\">\n<div class=\"wp-block-columns is-layout-flex wp-container-core-columns-is-layout-c4677a31 wp-block-columns-is-layout-flex\">\n<div class=\"wp-block-column is-layout-flow wp-block-column-is-layout-flow\">\n<div class=\"wp-block-cover\" style=\"border-radius:10px;min-height:205px;aspect-ratio:unset;\"><img loading=\"lazy\" decoding=\"async\" width=\"1024\" height=\"640\" class=\"wp-block-cover__image-background wp-image-87 size-large\" alt=\"\" src=\"https:\/\/www.akademiabrd.pl\/wp-content\/uploads\/2025\/10\/Zrzut-ekranu-2024-04-08-231847-1024x640.png\" data-object-fit=\"cover\" srcset=\"https:\/\/www.akademiabrd.pl\/wp-content\/uploads\/2025\/10\/Zrzut-ekranu-2024-04-08-231847-1024x640.png 1024w, https:\/\/www.akademiabrd.pl\/wp-content\/uploads\/2025\/10\/Zrzut-ekranu-2024-04-08-231847-300x188.png 300w, https:\/\/www.akademiabrd.pl\/wp-content\/uploads\/2025\/10\/Zrzut-ekranu-2024-04-08-231847-768x480.png 768w, https:\/\/www.akademiabrd.pl\/wp-content\/uploads\/2025\/10\/Zrzut-ekranu-2024-04-08-231847-1536x960.png 1536w, https:\/\/www.akademiabrd.pl\/wp-content\/uploads\/2025\/10\/Zrzut-ekranu-2024-04-08-231847-2048x1280.png 2048w\" sizes=\"auto, (max-width: 1024px) 100vw, 1024px\" \/><span aria-hidden=\"true\" class=\"wp-block-cover__background has-background-dim-0 has-background-dim\" style=\"background-color:#564e4f\"><\/span><div class=\"wp-block-cover__inner-container has-global-padding is-layout-constrained wp-block-cover-is-layout-constrained\">\n<p class=\"has-text-align-center has-large-font-size\"><\/p>\n<\/div><\/div>\n<\/div>\n\n\n\n<div class=\"wp-block-column is-vertically-aligned-center is-layout-flow wp-container-core-column-is-layout-22223934 wp-block-column-is-layout-flow\">\n<h2 class=\"wp-block-heading has-secondary-color has-text-color has-link-color wp-elements-21001b82f1d9e7f017d63e009eeb1f9d\" style=\"margin-top:0;margin-bottom:0;font-style:normal;font-weight:700\">Metodyka i forma zaj\u0119\u0107<\/h2>\n\n\n\n<p style=\"margin-top:24px;margin-bottom:24px\">Skuteczno\u015b\u0107 zaj\u0119\u0107 podnosimy wykorzystuj\u0105c metody i narz\u0119dzia oparte na realnych zdarzeniach:<\/p>\n\n\n\n<div class=\"wp-block-group is-nowrap is-layout-flex wp-container-core-group-is-layout-0844f5dc wp-block-group-is-layout-flex\">\n<figure class=\"wp-block-image size-full is-resized\"><img decoding=\"async\" src=\"https:\/\/www.akademiabrd.pl\/wp-content\/themes\/agencyflow\/assets\/images\/tick.png\" alt=\"\" class=\"wp-image-184\" style=\"width:25px\"\/><\/figure>\n\n\n\n<p class=\"has-medium-font-size\" style=\"font-style:normal;font-weight:700\">Nagrania z przebieg\u00f3w egzamin\u00f3w <\/p>\n<\/div>\n\n\n\n<div class=\"wp-block-group is-nowrap is-layout-flex wp-container-core-group-is-layout-0844f5dc wp-block-group-is-layout-flex\">\n<figure class=\"wp-block-image size-full is-resized\"><img decoding=\"async\" src=\"https:\/\/www.akademiabrd.pl\/wp-content\/themes\/agencyflow\/assets\/images\/tick.png\" alt=\"\" class=\"wp-image-184\" style=\"width:25px\"\/><\/figure>\n\n\n\n<p class=\"has-medium-font-size\" style=\"font-style:normal;font-weight:700\">Dokumenty organ\u00f3w procesowych<\/p>\n<\/div>\n\n\n\n<div class=\"wp-block-group is-nowrap is-layout-flex wp-container-core-group-is-layout-0844f5dc wp-block-group-is-layout-flex\">\n<figure class=\"wp-block-image size-full is-resized\"><img decoding=\"async\" src=\"https:\/\/www.akademiabrd.pl\/wp-content\/themes\/agencyflow\/assets\/images\/tick.png\" alt=\"\" class=\"wp-image-184\" style=\"width:25px\"\/><\/figure>\n\n\n\n<p class=\"has-medium-font-size\" style=\"font-style:normal;font-weight:700\">Dane z faktycznych bada\u0144 i analiz <\/p>\n<\/div>\n\n\n\n<div class=\"wp-block-buttons is-layout-flex wp-block-buttons-is-layout-flex\" style=\"margin-top:var(--wp--preset--spacing--30)\">\n<div class=\"wp-block-button\"><a class=\"wp-block-button__link wp-element-button\" href=\"https:\/\/www.akademiabrd.pl\/index.php\/36-2\/\">Zam\u00f3w wyk\u0142ad na warsztaty<\/a><\/div>\n<\/div>\n<\/div>\n<\/div>\n<\/div>\n<\/div>\n\n\n\n<div class=\"wp-block-group is-layout-flow wp-block-group-is-layout-flow\" style=\"margin-top:0;margin-bottom:0;padding-top:0px;padding-right:0px;padding-bottom:0px;padding-left:0px\"><\/div>\n\n\n\n<div class=\"wp-block-group has-base-background-color has-background has-global-padding is-layout-constrained wp-container-core-group-is-layout-a1271a76 wp-block-group-is-layout-constrained\" style=\"margin-top:0;margin-bottom:0;padding-top:100px;padding-right:20px;padding-bottom:100px;padding-left:20px\">\n<div class=\"wp-block-group has-global-padding is-layout-constrained wp-container-core-group-is-layout-1f9f5439 wp-block-group-is-layout-constrained\" style=\"margin-bottom:60px\">\n<h2 class=\"wp-block-heading has-text-align-center has-secondary-color has-text-color has-link-color wp-elements-cc27cb3d513f9c3d39b9676d45e4776f\" style=\"padding-bottom:10px;font-style:normal;font-weight:700\">Opinie o naszych warsztatach<\/h2>\n\n\n\n<p class=\"has-text-align-center\" style=\"margin-top:0;margin-bottom:0\">Vehicula egestas tempor aptent etiam fames ut integer montes potenti inceptos ornare semper<\/p>\n<\/div>\n\n\n\n<figure class=\"wp-block-gallery has-nested-images columns-default is-cropped wp-block-gallery-1 is-layout-flex wp-block-gallery-is-layout-flex\">\n<figure class=\"wp-block-image size-large\"><img loading=\"lazy\" decoding=\"async\" width=\"725\" height=\"1024\" data-id=\"49\" src=\"https:\/\/www.akademiabrd.pl\/wp-content\/uploads\/2025\/07\/WORD-Konin-725x1024.jpg\" alt=\"\" class=\"wp-image-49\" srcset=\"https:\/\/www.akademiabrd.pl\/wp-content\/uploads\/2025\/07\/WORD-Konin-725x1024.jpg 725w, https:\/\/www.akademiabrd.pl\/wp-content\/uploads\/2025\/07\/WORD-Konin-212x300.jpg 212w, https:\/\/www.akademiabrd.pl\/wp-content\/uploads\/2025\/07\/WORD-Konin-768x1085.jpg 768w, https:\/\/www.akademiabrd.pl\/wp-content\/uploads\/2025\/07\/WORD-Konin-1088x1536.jpg 1088w, https:\/\/www.akademiabrd.pl\/wp-content\/uploads\/2025\/07\/WORD-Konin.jpg 1450w\" sizes=\"auto, (max-width: 725px) 100vw, 725px\" \/><\/figure>\n\n\n\n<figure class=\"wp-block-image size-large\"><img loading=\"lazy\" decoding=\"async\" width=\"725\" height=\"1024\" data-id=\"50\" src=\"https:\/\/www.akademiabrd.pl\/wp-content\/uploads\/2025\/07\/WORD-Lodz-725x1024.jpg\" alt=\"\" class=\"wp-image-50\" srcset=\"https:\/\/www.akademiabrd.pl\/wp-content\/uploads\/2025\/07\/WORD-Lodz-725x1024.jpg 725w, https:\/\/www.akademiabrd.pl\/wp-content\/uploads\/2025\/07\/WORD-Lodz-212x300.jpg 212w, https:\/\/www.akademiabrd.pl\/wp-content\/uploads\/2025\/07\/WORD-Lodz-768x1085.jpg 768w, https:\/\/www.akademiabrd.pl\/wp-content\/uploads\/2025\/07\/WORD-Lodz.jpg 992w\" sizes=\"auto, (max-width: 725px) 100vw, 725px\" \/><\/figure>\n\n\n\n<figure class=\"wp-block-image size-large\"><img loading=\"lazy\" decoding=\"async\" width=\"647\" height=\"960\" data-id=\"48\" src=\"https:\/\/www.akademiabrd.pl\/wp-content\/uploads\/2025\/07\/WORD-Olsztyn.jpg\" alt=\"\" class=\"wp-image-48\" srcset=\"https:\/\/www.akademiabrd.pl\/wp-content\/uploads\/2025\/07\/WORD-Olsztyn.jpg 647w, https:\/\/www.akademiabrd.pl\/wp-content\/uploads\/2025\/07\/WORD-Olsztyn-202x300.jpg 202w\" sizes=\"auto, (max-width: 647px) 100vw, 647px\" \/><\/figure>\n<\/figure>\n\n\n\n<div class=\"wp-block-group has-global-padding is-layout-constrained wp-block-group-is-layout-constrained\">\n<div class=\"wp-block-columns is-layout-flex wp-container-core-columns-is-layout-a3e77f41 wp-block-columns-is-layout-flex\">\n<div class=\"wp-block-column is-layout-flow wp-block-column-is-layout-flow\"><\/div>\n\n\n\n<div class=\"wp-block-column is-layout-flow wp-block-column-is-layout-flow\"><\/div>\n<\/div>\n<\/div>\n<\/div>\n<\/main>\n","protected":false},"excerpt":{"rendered":"<p>Tematyka proponowanych zaj\u0119\u0107 \u00a7 46. pkt 2. poz.2) Rozporz\u0105dzenia z dnia 24 listopada 2023 r. w sprawie egzaminowania os\u00f3b ubiegaj\u0105cych si\u0119 o uprawnienia do kierowania pojazdami, szkolenia, egzaminowania i uzyskiwania uprawnie\u0144 przez egzaminator\u00f3w oraz wzor\u00f3w dokument\u00f3w stosowanych w tych sprawach: Analiza przepis\u00f3w W\u0142a\u015bciwa ocena przebiegu egzaminu wymaga interpretacji obowi\u0105zuj\u0105cych przepis\u00f3w opartej nie tylko o przepis [&hellip;]<\/p>\n","protected":false},"author":1,"featured_media":0,"parent":0,"menu_order":0,"comment_status":"closed","ping_status":"closed","template":"","meta":{"footnotes":""},"class_list":["post-45","page","type-page","status-publish","hentry"],"_links":{"self":[{"href":"https:\/\/www.akademiabrd.pl\/index.php\/wp-json\/wp\/v2\/pages\/45","targetHints":{"allow":["GET"]}}],"collection":[{"href":"https:\/\/www.akademiabrd.pl\/index.php\/wp-json\/wp\/v2\/pages"}],"about":[{"href":"https:\/\/www.akademiabrd.pl\/index.php\/wp-json\/wp\/v2\/types\/page"}],"author":[{"embeddable":true,"href":"https:\/\/www.akademiabrd.pl\/index.php\/wp-json\/wp\/v2\/users\/1"}],"replies":[{"embeddable":true,"href":"https:\/\/www.akademiabrd.pl\/index.php\/wp-json\/wp\/v2\/comments?post=45"}],"version-history":[{"count":6,"href":"https:\/\/www.akademiabrd.pl\/index.php\/wp-json\/wp\/v2\/pages\/45\/revisions"}],"predecessor-version":[{"id":92,"href":"https:\/\/www.akademiabrd.pl\/index.php\/wp-json\/wp\/v2\/pages\/45\/revisions\/92"}],"wp:attachment":[{"href":"https:\/\/www.akademiabrd.pl\/index.php\/wp-json\/wp\/v2\/media?parent=45"}],"curies":[{"name":"wp","href":"https:\/\/api.w.org\/{rel}","templated":true}]}}